{"id":40,"date":"2019-03-17T14:44:33","date_gmt":"2019-03-17T13:44:33","guid":{"rendered":"http:\/\/peycon.ch\/?page_id=40"},"modified":"2019-03-17T14:52:59","modified_gmt":"2019-03-17T13:52:59","slug":"was-wir-fuer-sie-tun-koennen","status":"publish","type":"page","link":"https:\/\/peycon.ch\/?page_id=40","title":{"rendered":"Was wir f\u00fcr Sie tun k\u00f6nnen"},"content":{"rendered":"\n<p><strong>Analyse\/Definition<\/strong><br><\/p>\n\n\n\n<ul class=\"wp-block-list\"><li>Beurteilung Ihrer Risiken<\/li><li>Analyse Ihres Objektes<\/li><li>Formulierung Ihrer Schutzziele<\/li><li>Definition Ihres Sicherheitsstandards<\/li><\/ul>\n\n\n\n<p><br><strong>Massnahmenplanung<\/strong> <br><\/p>\n\n\n\n<ul class=\"wp-block-list\"><li>organisatorische Massnahmen<\/li><li>bauliche<\/li><li>technische Massnahmen<\/li><\/ul>\n\n\n\n<p><br><strong>Planung\/Projektierung<\/strong> <br><\/p>\n\n\n\n<ul class=\"wp-block-list\"><li>Zutrittskontrollanlagen<\/li><li>Einbruch-\/\u00dcberfallmeldeanlagen<\/li><li>Brandmeldeanlagen<\/li><li>Videoanlagen<\/li><li>T\u00fcrengeneering<\/li><\/ul>\n\n\n\n<p><br><strong>Handb\u00fccher\/Ausbilungen<\/strong> <br><\/p>\n\n\n\n<ul class=\"wp-block-list\"><li>Notfallhandb\u00fccher<\/li><li>Merkbl\u00e4tter<\/li><li>Schulungsunterlagen<\/li><li>Checklisten<\/li><\/ul>\n\n\n\n<p><strong>Wir schulen Ihre Mitarbeiter f\u00fcr das richtige Verhalten bei<\/strong><br><\/p>\n\n\n\n<ul class=\"wp-block-list\"><li>Brand<\/li><li>Bombendrohung<\/li><li>Drohanrufe<\/li><li>Geiselnahme<\/li><li>Entf\u00fchrung<\/li><li>Erpressung<\/li><li>Evakuierung<\/li><li>Einberufung Krisenstab<\/li><li>usw.<\/li><\/ul>\n","protected":false},"excerpt":{"rendered":"<p>Analyse\/Definition Beurteilung Ihrer Risiken Analyse Ihres Objektes Formulierung Ihrer Schutzziele Definition Ihres Sicherheitsstandards Massnahmenplanung organisatorische Massnahmen bauliche technische Massnahmen Planung\/Projektierung Zutrittskontrollanlagen Einbruch-\/\u00dcberfallmeldeanlagen Brandmeldeanlagen Videoanlagen T\u00fcrengeneering Handb\u00fccher\/Ausbilungen Notfallhandb\u00fccher Merkbl\u00e4tter Schulungsunterlagen Checklisten Wir schulen Ihre Mitarbeiter f\u00fcr das richtige Verhalten bei Brand Bombendrohung Drohanrufe Geiselnahme Entf\u00fchrung Erpressung Evakuierung Einberufung Krisenstab usw.<\/p>\n","protected":false},"author":2,"featured_media":0,"parent":0,"menu_order":0,"comment_status":"closed","ping_status":"closed","template":"","meta":{"footnotes":""},"class_list":["post-40","page","type-page","status-publish","hentry"],"_links":{"self":[{"href":"https:\/\/peycon.ch\/index.php?rest_route=\/wp\/v2\/pages\/40","targetHints":{"allow":["GET"]}}],"collection":[{"href":"https:\/\/peycon.ch\/index.php?rest_route=\/wp\/v2\/pages"}],"about":[{"href":"https:\/\/peycon.ch\/index.php?rest_route=\/wp\/v2\/types\/page"}],"author":[{"embeddable":true,"href":"https:\/\/peycon.ch\/index.php?rest_route=\/wp\/v2\/users\/2"}],"replies":[{"embeddable":true,"href":"https:\/\/peycon.ch\/index.php?rest_route=%2Fwp%2Fv2%2Fcomments&post=40"}],"version-history":[{"count":2,"href":"https:\/\/peycon.ch\/index.php?rest_route=\/wp\/v2\/pages\/40\/revisions"}],"predecessor-version":[{"id":57,"href":"https:\/\/peycon.ch\/index.php?rest_route=\/wp\/v2\/pages\/40\/revisions\/57"}],"wp:attachment":[{"href":"https:\/\/peycon.ch\/index.php?rest_route=%2Fwp%2Fv2%2Fmedia&parent=40"}],"curies":[{"name":"wp","href":"https:\/\/api.w.org\/{rel}","templated":true}]}}