{"id":39,"date":"2019-03-17T14:44:33","date_gmt":"2019-03-17T13:44:33","guid":{"rendered":"http:\/\/peycon.ch\/?page_id=39"},"modified":"2019-03-17T14:53:33","modified_gmt":"2019-03-17T13:53:33","slug":"womit-wir-uns-befassen","status":"publish","type":"page","link":"https:\/\/peycon.ch\/?page_id=39","title":{"rendered":"Womit wir uns befassen"},"content":{"rendered":"\n<p><strong>Sicherheit f\u00fcr<\/strong><\/p>\n\n\n\n<ul class=\"wp-block-list\"><li>Banken<\/li><li>Rechenzentren<\/li><li>Dienstleistungsunternehmen<\/li><li>Spit\u00e4ler\/Alters- und Pflegeheime<\/li><li>Gemeinde- und Stadtverwaltungen<\/li><li>Milit\u00e4rische Objekte<\/li><li>\u00d6ffentl. Werkseinrichtungen<\/li><li>Fabrikations- und Logistikbetriebe<\/li><li>Verkaufsgesch\u00e4fte\/Detailhandel<\/li><li>Museen<\/li><li>Eigenheime\/Villen<\/li><\/ul>\n\n\n\n<p><strong>Pr\u00e4vention gegen<\/strong> <br><\/p>\n\n\n\n<ul class=\"wp-block-list\"><li>Br\u00e4nde und Explosionen<\/li><li>Sachbesch\u00e4digungen<\/li><li>Einbr\u00fcche\/Diebst\u00e4hle<\/li><li>Raub-\u00dcberf\u00e4lle<\/li><li>Geiselnahmen\/Entf\u00fchrungen<\/li><li>Erpressungen\/Bombendrohungen<\/li><li>Informationsverluste<\/li><li>und andere kriminelle Risiken<\/li><\/ul>\n","protected":false},"excerpt":{"rendered":"<p>Sicherheit f\u00fcr Banken Rechenzentren Dienstleistungsunternehmen Spit\u00e4ler\/Alters- und Pflegeheime Gemeinde- und Stadtverwaltungen Milit\u00e4rische Objekte \u00d6ffentl. Werkseinrichtungen Fabrikations- und Logistikbetriebe Verkaufsgesch\u00e4fte\/Detailhandel Museen Eigenheime\/Villen Pr\u00e4vention gegen Br\u00e4nde und Explosionen Sachbesch\u00e4digungen Einbr\u00fcche\/Diebst\u00e4hle Raub-\u00dcberf\u00e4lle Geiselnahmen\/Entf\u00fchrungen Erpressungen\/Bombendrohungen Informationsverluste und andere kriminelle Risiken<\/p>\n","protected":false},"author":2,"featured_media":0,"parent":0,"menu_order":0,"comment_status":"closed","ping_status":"closed","template":"","meta":{"footnotes":""},"class_list":["post-39","page","type-page","status-publish","hentry"],"_links":{"self":[{"href":"https:\/\/peycon.ch\/index.php?rest_route=\/wp\/v2\/pages\/39","targetHints":{"allow":["GET"]}}],"collection":[{"href":"https:\/\/peycon.ch\/index.php?rest_route=\/wp\/v2\/pages"}],"about":[{"href":"https:\/\/peycon.ch\/index.php?rest_route=\/wp\/v2\/types\/page"}],"author":[{"embeddable":true,"href":"https:\/\/peycon.ch\/index.php?rest_route=\/wp\/v2\/users\/2"}],"replies":[{"embeddable":true,"href":"https:\/\/peycon.ch\/index.php?rest_route=%2Fwp%2Fv2%2Fcomments&post=39"}],"version-history":[{"count":2,"href":"https:\/\/peycon.ch\/index.php?rest_route=\/wp\/v2\/pages\/39\/revisions"}],"predecessor-version":[{"id":58,"href":"https:\/\/peycon.ch\/index.php?rest_route=\/wp\/v2\/pages\/39\/revisions\/58"}],"wp:attachment":[{"href":"https:\/\/peycon.ch\/index.php?rest_route=%2Fwp%2Fv2%2Fmedia&parent=39"}],"curies":[{"name":"wp","href":"https:\/\/api.w.org\/{rel}","templated":true}]}}