{"id":38,"date":"2019-03-17T14:44:33","date_gmt":"2019-03-17T13:44:33","guid":{"rendered":"http:\/\/peycon.ch\/?page_id=38"},"modified":"2019-03-17T14:49:43","modified_gmt":"2019-03-17T13:49:43","slug":"wer-wir-sind","status":"publish","type":"page","link":"https:\/\/peycon.ch\/?page_id=38","title":{"rendered":"Wer wir sind"},"content":{"rendered":"\n<h4 class=\"wp-block-heading\"><strong>Bruno Peyer, Sicherheitsberater\/-experte und Gesch\u00e4ftsinhaber<br><br>\u00dcber 35 Jahre Erfahrung auf dem Gebiet der Sicherheit<\/strong><\/h4>\n\n\n\n<table class=\"wp-block-table has-fixed-layout is-style-stripes\"><tbody><tr><td> <br>1992 <\/td><td>Gr\u00fcndung Peyer Consulting B\u00fcro f\u00fcr unabh\u00e4ngige Sicherheitsberatung, Mitglied verschiedener Fach- und ERFA-Gruppen <\/td><\/tr><tr><td> <br>1988 &#8211; 1992 <\/td><td>Elektrowatt Ingenieur-\/Beratungsunternehmen im In- und Ausland, Sicherheitsexperte <\/td><\/tr><tr><td> <br>1985 &#8211; 1988 <\/td><td>SEGA\/Intersettle, Dienstleistungsunternehmen in Z\u00fcrich, Leiter Sicherheitsdienst <\/td><\/tr><tr><td> <br>1974 &#8211; 1985 <\/td><td>Kantonspolizei Z\u00fcrich, Sicherheits- und Kriminalpolizei, Detektiv, (Ausbildung und Einsatz im Personenschutz\/Interventionseinheit Diamant, Sicherheitsbeauftragter im Luftverkehr f\u00fcr die Swissair, Instruktor f\u00fcr Spezialaufgaben) <\/td><\/tr><tr><td> <br>1970 &#8211; 1974\u00a0 <\/td><td>Ing.-B\u00fcro Graf, Ausbildung, Abschluss und T\u00e4tigkeit als Elektroplaner <\/td><\/tr><\/tbody><\/table>\n\n\n\n<h4 class=\"wp-block-heading\"><strong>&#8230;und weitere Fachspezialisten die das Team erg\u00e4nzen.<\/strong><\/h4>\n","protected":false},"excerpt":{"rendered":"<p>Bruno Peyer, Sicherheitsberater\/-experte und Gesch\u00e4ftsinhaber \u00dcber 35 Jahre Erfahrung auf dem Gebiet der Sicherheit 1992 Gr\u00fcndung Peyer Consulting B\u00fcro f\u00fcr unabh\u00e4ngige Sicherheitsberatung, Mitglied verschiedener Fach- und ERFA-Gruppen 1988 &#8211; 1992 Elektrowatt Ingenieur-\/Beratungsunternehmen im In- und Ausland, Sicherheitsexperte 1985 &#8211; 1988 SEGA\/Intersettle, Dienstleistungsunternehmen in Z\u00fcrich, Leiter Sicherheitsdienst 1974 &#8211; 1985 Kantonspolizei Z\u00fcrich, Sicherheits- und Kriminalpolizei, Detektiv,<\/p><\/div>\n<div class=\"blog-btn\"><a href=\"https:\/\/peycon.ch\/?page_id=38\" class=\"home-blog-btn\">Weiterlesen<\/a><\/p>\n","protected":false},"author":2,"featured_media":0,"parent":0,"menu_order":0,"comment_status":"closed","ping_status":"closed","template":"","meta":{"footnotes":""},"class_list":["post-38","page","type-page","status-publish","hentry"],"_links":{"self":[{"href":"https:\/\/peycon.ch\/index.php?rest_route=\/wp\/v2\/pages\/38","targetHints":{"allow":["GET"]}}],"collection":[{"href":"https:\/\/peycon.ch\/index.php?rest_route=\/wp\/v2\/pages"}],"about":[{"href":"https:\/\/peycon.ch\/index.php?rest_route=\/wp\/v2\/types\/page"}],"author":[{"embeddable":true,"href":"https:\/\/peycon.ch\/index.php?rest_route=\/wp\/v2\/users\/2"}],"replies":[{"embeddable":true,"href":"https:\/\/peycon.ch\/index.php?rest_route=%2Fwp%2Fv2%2Fcomments&post=38"}],"version-history":[{"count":2,"href":"https:\/\/peycon.ch\/index.php?rest_route=\/wp\/v2\/pages\/38\/revisions"}],"predecessor-version":[{"id":56,"href":"https:\/\/peycon.ch\/index.php?rest_route=\/wp\/v2\/pages\/38\/revisions\/56"}],"wp:attachment":[{"href":"https:\/\/peycon.ch\/index.php?rest_route=%2Fwp%2Fv2%2Fmedia&parent=38"}],"curies":[{"name":"wp","href":"https:\/\/api.w.org\/{rel}","templated":true}]}}